{"id":397,"date":"2021-03-03T01:21:51","date_gmt":"2021-03-03T01:21:51","guid":{"rendered":"https:\/\/bowie.cl\/ormecorp\/?page_id=397"},"modified":"2021-03-03T05:06:05","modified_gmt":"2021-03-03T05:06:05","slug":"seguridad-y-capacitacion","status":"publish","type":"page","link":"https:\/\/ormecorp.com\/automatizacion\/servicio-postventa\/seguridad-y-capacitacion\/","title":{"rendered":"Seguridad y Capacitaci\u00f3n"},"content":{"rendered":"\t\t<div data-elementor-type=\"wp-page\" data-elementor-id=\"397\" class=\"elementor elementor-397\" data-elementor-settings=\"[]\">\n\t\t\t\t\t\t<div class=\"elementor-inner\">\n\t\t\t\t\t\t\t<div class=\"elementor-section-wrap\">\n\t\t\t\t\t\t\t<section class=\"elementor-section elementor-top-section elementor-element elementor-element-26ba991 elementor-section-boxed elementor-section-height-default elementor-section-height-default\" data-id=\"26ba991\" data-element_type=\"section\" data-settings=\"{&quot;background_background&quot;:&quot;classic&quot;}\">\n\t\t\t\t\t\t<div class=\"elementor-container elementor-column-gap-no\">\n\t\t\t\t\t\t\t<div class=\"elementor-row\">\n\t\t\t\t\t<div class=\"elementor-column elementor-col-50 elementor-top-column elementor-element elementor-element-a138a17\" data-id=\"a138a17\" data-element_type=\"column\">\n\t\t\t<div class=\"elementor-column-wrap elementor-element-populated\">\n\t\t\t\t\t\t\t<div class=\"elementor-widget-wrap\">\n\t\t\t\t\t\t\t\t<\/div>\n\t\t\t\t\t<\/div>\n\t\t<\/div>\n\t\t\t\t<div class=\"elementor-column elementor-col-50 elementor-top-column elementor-element elementor-element-07e18be\" data-id=\"07e18be\" data-element_type=\"column\">\n\t\t\t<div class=\"elementor-column-wrap\">\n\t\t\t\t\t\t\t<div class=\"elementor-widget-wrap\">\n\t\t\t\t\t\t\t\t<\/div>\n\t\t\t\t\t<\/div>\n\t\t<\/div>\n\t\t\t\t\t\t\t\t<\/div>\n\t\t\t\t\t<\/div>\n\t\t<\/section>\n\t\t\t\t<section class=\"elementor-section elementor-top-section elementor-element elementor-element-5f3b4f7 elementor-section-height-min-height elementor-section-boxed elementor-section-height-default elementor-section-items-middle\" data-id=\"5f3b4f7\" data-element_type=\"section\" data-settings=\"{&quot;background_background&quot;:&quot;classic&quot;}\">\n\t\t\t\t\t\t<div class=\"elementor-container elementor-column-gap-no\">\n\t\t\t\t\t\t\t<div class=\"elementor-row\">\n\t\t\t\t\t<div class=\"elementor-column elementor-col-100 elementor-top-column elementor-element elementor-element-a0b2443\" data-id=\"a0b2443\" data-element_type=\"column\">\n\t\t\t<div class=\"elementor-column-wrap elementor-element-populated\">\n\t\t\t\t\t\t\t<div class=\"elementor-widget-wrap\">\n\t\t\t\t\t\t<div class=\"elementor-element elementor-element-6396b73 elementor-widget elementor-widget-text-editor\" data-id=\"6396b73\" data-element_type=\"widget\" data-widget_type=\"text-editor.default\">\n\t\t\t\t<div class=\"elementor-widget-container\">\n\t\t\t\t\t\t\t\t<div class=\"elementor-text-editor elementor-clearfix\">\n\t\t\t\t\t<a href=\"https:\/\/bowie.cl\/ormecorp\/\">Inicio<\/a> \/ <a href=\"https:\/\/bowie.cl\/ormecorp\/?page_id=394\">Servicio\/Postventa<\/a> \/ Seguridad y Capacitaci\u00f3n\t\t\t\t\t<\/div>\n\t\t\t\t\t\t<\/div>\n\t\t\t\t<\/div>\n\t\t\t\t\t\t<\/div>\n\t\t\t\t\t<\/div>\n\t\t<\/div>\n\t\t\t\t\t\t\t\t<\/div>\n\t\t\t\t\t<\/div>\n\t\t<\/section>\n\t\t\t\t<section class=\"elementor-section elementor-top-section elementor-element elementor-element-023b71e elementor-section-height-min-height elementor-section-boxed elementor-section-height-default elementor-section-items-middle\" data-id=\"023b71e\" data-element_type=\"section\" data-settings=\"{&quot;background_background&quot;:&quot;classic&quot;}\">\n\t\t\t\t\t\t\t<div class=\"elementor-background-overlay\"><\/div>\n\t\t\t\t\t\t\t<div class=\"elementor-container elementor-column-gap-default\">\n\t\t\t\t\t\t\t<div class=\"elementor-row\">\n\t\t\t\t\t<div class=\"elementor-column elementor-col-25 elementor-top-column elementor-element elementor-element-807b20d\" data-id=\"807b20d\" data-element_type=\"column\">\n\t\t\t<div class=\"elementor-column-wrap\">\n\t\t\t\t\t\t\t<div class=\"elementor-widget-wrap\">\n\t\t\t\t\t\t\t\t<\/div>\n\t\t\t\t\t<\/div>\n\t\t<\/div>\n\t\t\t\t<div class=\"elementor-column elementor-col-50 elementor-top-column elementor-element elementor-element-5854cbb\" data-id=\"5854cbb\" data-element_type=\"column\">\n\t\t\t<div class=\"elementor-column-wrap elementor-element-populated\">\n\t\t\t\t\t\t\t<div class=\"elementor-widget-wrap\">\n\t\t\t\t\t\t<div class=\"elementor-element elementor-element-f9a7784 elementor-widget elementor-widget-heading\" data-id=\"f9a7784\" data-element_type=\"widget\" data-widget_type=\"heading.default\">\n\t\t\t\t<div class=\"elementor-widget-container\">\n\t\t\t<h2 class=\"elementor-heading-title elementor-size-default\">Usted es el componente principal<br>\nSeguridad y capacitaci\u00f3n<\/h2>\t\t<\/div>\n\t\t\t\t<\/div>\n\t\t\t\t<div class=\"elementor-element elementor-element-fb38a4b elementor-widget elementor-widget-text-editor\" data-id=\"fb38a4b\" data-element_type=\"widget\" data-widget_type=\"text-editor.default\">\n\t\t\t\t<div class=\"elementor-widget-container\">\n\t\t\t\t\t\t\t\t<div class=\"elementor-text-editor elementor-clearfix\">\n\t\t\t\t\t<div class=\"et_pb_section et_pb_section_1 et_pb_fullwidth_section et_section_regular\"><div class=\"et_pb_module et_pb_fullwidth_slider_0 et_pb_slider et_pb_bg_layout_dark\" data-active-slide=\"et_pb_slide_0\"><div class=\"et_pb_slides\"><div class=\"et_pb_slide et_pb_slide_0 et_pb_bg_layout_dark et_pb_media_alignment_center et-pb-active-slide\" data-slide-id=\"et_pb_slide_0\"><div class=\"et_pb_container clearfix\"><div class=\"et_pb_slider_container_inner\"><div class=\"et_pb_slide_description\"><div class=\"et_pb_slide_content\"><p>Pese a que la seguridad ocupa una posici\u00f3n primordial en el dise\u00f1o de los montacargas de Crown, el principal responsable sobre la seguridad es el operador. Es por esto que nos esforzamos no solo en construir los montacargas m\u00e1s seguros, sino tambi\u00e9n en proporcionar los programas de capacitaci\u00f3n m\u00e1s completos de la industria.<\/p><\/div><\/div><\/div><\/div><\/div><\/div><\/div><\/div><div class=\"et_pb_section et_pb_section_2 et_section_regular\"><div class=\"et_pb_row et_pb_row_1\"><div class=\"et_pb_column et_pb_column_1_2 et_pb_column_1  et_pb_css_mix_blend_mode_passthrough\">\u00a0<\/div><\/div><\/div>\t\t\t\t\t<\/div>\n\t\t\t\t\t\t<\/div>\n\t\t\t\t<\/div>\n\t\t\t\t\t\t<\/div>\n\t\t\t\t\t<\/div>\n\t\t<\/div>\n\t\t\t\t<div class=\"elementor-column elementor-col-25 elementor-top-column elementor-element elementor-element-2f4b505\" data-id=\"2f4b505\" data-element_type=\"column\">\n\t\t\t<div class=\"elementor-column-wrap\">\n\t\t\t\t\t\t\t<div class=\"elementor-widget-wrap\">\n\t\t\t\t\t\t\t\t<\/div>\n\t\t\t\t\t<\/div>\n\t\t<\/div>\n\t\t\t\t\t\t\t\t<\/div>\n\t\t\t\t\t<\/div>\n\t\t<\/section>\n\t\t\t\t<section class=\"elementor-section elementor-top-section elementor-element elementor-element-d01c3fe elementor-section-boxed elementor-section-height-default elementor-section-height-default\" data-id=\"d01c3fe\" data-element_type=\"section\">\n\t\t\t\t\t\t<div class=\"elementor-container elementor-column-gap-default\">\n\t\t\t\t\t\t\t<div class=\"elementor-row\">\n\t\t\t\t\t<div class=\"elementor-column elementor-col-100 elementor-top-column elementor-element elementor-element-6f1069e\" data-id=\"6f1069e\" data-element_type=\"column\">\n\t\t\t<div class=\"elementor-column-wrap elementor-element-populated\">\n\t\t\t\t\t\t\t<div class=\"elementor-widget-wrap\">\n\t\t\t\t\t\t<div class=\"elementor-element elementor-element-76cdd39 elementor-widget elementor-widget-spacer\" data-id=\"76cdd39\" data-element_type=\"widget\" data-widget_type=\"spacer.default\">\n\t\t\t\t<div class=\"elementor-widget-container\">\n\t\t\t\t\t<div class=\"elementor-spacer\">\n\t\t\t<div class=\"elementor-spacer-inner\"><\/div>\n\t\t<\/div>\n\t\t\t\t<\/div>\n\t\t\t\t<\/div>\n\t\t\t\t\t\t<\/div>\n\t\t\t\t\t<\/div>\n\t\t<\/div>\n\t\t\t\t\t\t\t\t<\/div>\n\t\t\t\t\t<\/div>\n\t\t<\/section>\n\t\t\t\t<section class=\"elementor-section elementor-top-section elementor-element elementor-element-d4221cc elementor-section-boxed elementor-section-height-default elementor-section-height-default\" data-id=\"d4221cc\" data-element_type=\"section\">\n\t\t\t\t\t\t<div class=\"elementor-container elementor-column-gap-no\">\n\t\t\t\t\t\t\t<div class=\"elementor-row\">\n\t\t\t\t\t<div class=\"elementor-column elementor-col-50 elementor-top-column elementor-element elementor-element-2dc35c7\" data-id=\"2dc35c7\" data-element_type=\"column\">\n\t\t\t<div class=\"elementor-column-wrap elementor-element-populated\">\n\t\t\t\t\t\t\t<div class=\"elementor-widget-wrap\">\n\t\t\t\t\t\t<div class=\"elementor-element elementor-element-ed1b5a2 elementor-widget elementor-widget-image\" data-id=\"ed1b5a2\" data-element_type=\"widget\" data-widget_type=\"image.default\">\n\t\t\t\t<div class=\"elementor-widget-container\">\n\t\t\t\t\t\t\t\t<div class=\"elementor-image\">\n\t\t\t\t\t\t\t\t\t\t\t\t<img loading=\"lazy\" decoding=\"async\" width=\"570\" height=\"615\" src=\"https:\/\/ormecorp.com\/automatizacion\/wp-content\/uploads\/2021\/03\/safe-applications-feature.jpg\" class=\"attachment-large size-large\" alt=\"\" srcset=\"https:\/\/ormecorp.com\/automatizacion\/wp-content\/uploads\/2021\/03\/safe-applications-feature.jpg 570w, https:\/\/ormecorp.com\/automatizacion\/wp-content\/uploads\/2021\/03\/safe-applications-feature-278x300.jpg 278w\" sizes=\"auto, (max-width: 570px) 100vw, 570px\" \/>\t\t\t\t\t\t\t\t\t\t\t\t\t\t<\/div>\n\t\t\t\t\t\t<\/div>\n\t\t\t\t<\/div>\n\t\t\t\t\t\t<\/div>\n\t\t\t\t\t<\/div>\n\t\t<\/div>\n\t\t\t\t<div class=\"elementor-column elementor-col-50 elementor-top-column elementor-element elementor-element-d435664\" data-id=\"d435664\" data-element_type=\"column\">\n\t\t\t<div class=\"elementor-column-wrap elementor-element-populated\">\n\t\t\t\t\t\t\t<div class=\"elementor-widget-wrap\">\n\t\t\t\t\t\t<div class=\"elementor-element elementor-element-0e194fe elementor-widget elementor-widget-heading\" data-id=\"0e194fe\" data-element_type=\"widget\" data-widget_type=\"heading.default\">\n\t\t\t\t<div class=\"elementor-widget-container\">\n\t\t\t<h3 class=\"elementor-heading-title elementor-size-default\">Seguridad para su aplicaci\u00f3n\n<\/h3>\t\t<\/div>\n\t\t\t\t<\/div>\n\t\t\t\t<div class=\"elementor-element elementor-element-3b33b5c elementor-widget elementor-widget-text-editor\" data-id=\"3b33b5c\" data-element_type=\"widget\" data-widget_type=\"text-editor.default\">\n\t\t\t\t<div class=\"elementor-widget-container\">\n\t\t\t\t\t\t\t\t<div class=\"elementor-text-editor elementor-clearfix\">\n\t\t\t\t\t<p>Crown puede ayudarle a construir un lugar de trabajo seguro y productivo para sus montacargas industriales a motor, no solo proporcion\u00e1ndole equipos dise\u00f1ados en torno al operador, sino tambi\u00e9n con sus productos y servicios de capacitaci\u00f3n para operadores, instructores, supervisores, t\u00e9cnicos e incluso trabajadores de a pie. M\u00e1s informaci\u00f3n sobre:<\/p><ul><li>Consideraciones de seguridad en el dise\u00f1o de los montacargas de Crown.<\/li><li>Equipos y accesorios espec\u00edficos para aplicaciones.<\/li><li>Est\u00e1ndares y recursos de seguridad industrial.<\/li><li>Capacitaci\u00f3n para operadores, instructores, t\u00e9cnicos y supervisores.<\/li><\/ul>\t\t\t\t\t<\/div>\n\t\t\t\t\t\t<\/div>\n\t\t\t\t<\/div>\n\t\t\t\t<div class=\"elementor-element elementor-element-ee8e7af elementor-align-center elementor-widget elementor-widget-button\" data-id=\"ee8e7af\" data-element_type=\"widget\" data-widget_type=\"button.default\">\n\t\t\t\t<div class=\"elementor-widget-container\">\n\t\t\t\t\t<div class=\"elementor-button-wrapper\">\n\t\t\t<a href=\"#\" class=\"elementor-button-link elementor-button elementor-size-sm\" role=\"button\">\n\t\t\t\t\t\t<span class=\"elementor-button-content-wrapper\">\n\t\t\t\t\t\t<span class=\"elementor-button-text\">Descargar cat\u00e1logo<\/span>\n\t\t<\/span>\n\t\t\t\t\t<\/a>\n\t\t<\/div>\n\t\t\t\t<\/div>\n\t\t\t\t<\/div>\n\t\t\t\t\t\t<\/div>\n\t\t\t\t\t<\/div>\n\t\t<\/div>\n\t\t\t\t\t\t\t\t<\/div>\n\t\t\t\t\t<\/div>\n\t\t<\/section>\n\t\t\t\t<section class=\"elementor-section elementor-top-section elementor-element elementor-element-6051e10 elementor-section-boxed elementor-section-height-default elementor-section-height-default\" data-id=\"6051e10\" data-element_type=\"section\" data-settings=\"{&quot;background_background&quot;:&quot;classic&quot;}\">\n\t\t\t\t\t\t<div class=\"elementor-container elementor-column-gap-default\">\n\t\t\t\t\t\t\t<div class=\"elementor-row\">\n\t\t\t\t\t<div class=\"elementor-column elementor-col-50 elementor-top-column elementor-element elementor-element-6039d21\" data-id=\"6039d21\" data-element_type=\"column\">\n\t\t\t<div class=\"elementor-column-wrap elementor-element-populated\">\n\t\t\t\t\t\t\t<div class=\"elementor-widget-wrap\">\n\t\t\t\t\t\t<div class=\"elementor-element elementor-element-f455575 elementor-widget elementor-widget-spacer\" data-id=\"f455575\" data-element_type=\"widget\" data-widget_type=\"spacer.default\">\n\t\t\t\t<div class=\"elementor-widget-container\">\n\t\t\t\t\t<div class=\"elementor-spacer\">\n\t\t\t<div class=\"elementor-spacer-inner\"><\/div>\n\t\t<\/div>\n\t\t\t\t<\/div>\n\t\t\t\t<\/div>\n\t\t\t\t<div class=\"elementor-element elementor-element-44793f2 elementor-widget elementor-widget-heading\" data-id=\"44793f2\" data-element_type=\"widget\" data-widget_type=\"heading.default\">\n\t\t\t\t<div class=\"elementor-widget-container\">\n\t\t\t<h3 class=\"elementor-heading-title elementor-size-default\">Aprenda de los expertos de Crown\n<\/h3>\t\t<\/div>\n\t\t\t\t<\/div>\n\t\t\t\t<div class=\"elementor-element elementor-element-0f62512 elementor-widget elementor-widget-text-editor\" data-id=\"0f62512\" data-element_type=\"widget\" data-widget_type=\"text-editor.default\">\n\t\t\t\t<div class=\"elementor-widget-container\">\n\t\t\t\t\t\t\t\t<div class=\"elementor-text-editor elementor-clearfix\">\n\t\t\t\t\t<div class=\"et_pb_column et_pb_column_1_2 et_pb_column_3 et_pb_css_mix_blend_mode_passthrough\"><div class=\"et_pb_module et_pb_text et_pb_text_4 et_pb_text_align_left et_pb_bg_layout_light\"><div class=\"et_pb_text_inner\"><p>Crown ofrece sus servicios de capacitaci\u00f3n a trav\u00e9s de los centros de capacitaci\u00f3n y las sucursales de distribuci\u00f3n que tenemos por Estados Unidos. Crown dispone de clases de capacitaci\u00f3n para operadores, instructores, supervisores, t\u00e9cnicos de servicio y trabajadores de a pie.<\/p><h6>Cree su propio programa de capacitaci\u00f3n<\/h6><p>Crown dispone de herramientas y recursos de calidad para su departamento de capacitaci\u00f3n. Nuestro programa de capacitaci\u00f3n para instructores y nuestra extensiva gama de materiales did\u00e1cticos constituyen un programa con el que podr\u00e1 ofrecer una capacitaci\u00f3n altamente eficiente para sus empleados.<\/p><\/div><\/div><\/div>\t\t\t\t\t<\/div>\n\t\t\t\t\t\t<\/div>\n\t\t\t\t<\/div>\n\t\t\t\t<div class=\"elementor-element elementor-element-83c6d70 elementor-widget elementor-widget-spacer\" data-id=\"83c6d70\" data-element_type=\"widget\" data-widget_type=\"spacer.default\">\n\t\t\t\t<div class=\"elementor-widget-container\">\n\t\t\t\t\t<div class=\"elementor-spacer\">\n\t\t\t<div class=\"elementor-spacer-inner\"><\/div>\n\t\t<\/div>\n\t\t\t\t<\/div>\n\t\t\t\t<\/div>\n\t\t\t\t\t\t<\/div>\n\t\t\t\t\t<\/div>\n\t\t<\/div>\n\t\t\t\t<div class=\"elementor-column elementor-col-50 elementor-top-column elementor-element elementor-element-0a18ccb\" data-id=\"0a18ccb\" data-element_type=\"column\">\n\t\t\t<div class=\"elementor-column-wrap elementor-element-populated\">\n\t\t\t\t\t\t\t<div class=\"elementor-widget-wrap\">\n\t\t\t\t\t\t<div class=\"elementor-element elementor-element-da42ffb elementor-widget elementor-widget-spacer\" data-id=\"da42ffb\" data-element_type=\"widget\" data-widget_type=\"spacer.default\">\n\t\t\t\t<div class=\"elementor-widget-container\">\n\t\t\t\t\t<div class=\"elementor-spacer\">\n\t\t\t<div class=\"elementor-spacer-inner\"><\/div>\n\t\t<\/div>\n\t\t\t\t<\/div>\n\t\t\t\t<\/div>\n\t\t\t\t<div class=\"elementor-element elementor-element-37d862e elementor-widget elementor-widget-text-editor\" data-id=\"37d862e\" data-element_type=\"widget\" data-widget_type=\"text-editor.default\">\n\t\t\t\t<div class=\"elementor-widget-container\">\n\t\t\t\t\t\t\t\t<div class=\"elementor-text-editor elementor-clearfix\">\n\t\t\t\t\t<ul><li>Capacitaci\u00f3n para operadores y trabajadores de a pie (DP MoveSafe)<\/li><li>Capacitaci\u00f3n para supervisores (DP LeadSafe)<\/li><li>Capacitaci\u00f3n para t\u00e9cnicos de servicio (Capacitaci\u00f3n de Servicio Demonstrated Performance)<\/li><li>Capacitaci\u00f3n para instructores (DP TrainSafe)<\/li><\/ul>\t\t\t\t\t<\/div>\n\t\t\t\t\t\t<\/div>\n\t\t\t\t<\/div>\n\t\t\t\t<div class=\"elementor-element elementor-element-3a3e8f3 elementor-align-center elementor-widget elementor-widget-button\" data-id=\"3a3e8f3\" data-element_type=\"widget\" data-widget_type=\"button.default\">\n\t\t\t\t<div class=\"elementor-widget-container\">\n\t\t\t\t\t<div class=\"elementor-button-wrapper\">\n\t\t\t<a href=\"#\" class=\"elementor-button-link elementor-button elementor-size-sm\" role=\"button\">\n\t\t\t\t\t\t<span class=\"elementor-button-content-wrapper\">\n\t\t\t\t\t\t<span class=\"elementor-button-text\">Descargar cat\u00e1logo<\/span>\n\t\t<\/span>\n\t\t\t\t\t<\/a>\n\t\t<\/div>\n\t\t\t\t<\/div>\n\t\t\t\t<\/div>\n\t\t\t\t<div class=\"elementor-element elementor-element-9fde53b elementor-widget elementor-widget-spacer\" data-id=\"9fde53b\" data-element_type=\"widget\" data-widget_type=\"spacer.default\">\n\t\t\t\t<div class=\"elementor-widget-container\">\n\t\t\t\t\t<div class=\"elementor-spacer\">\n\t\t\t<div class=\"elementor-spacer-inner\"><\/div>\n\t\t<\/div>\n\t\t\t\t<\/div>\n\t\t\t\t<\/div>\n\t\t\t\t\t\t<\/div>\n\t\t\t\t\t<\/div>\n\t\t<\/div>\n\t\t\t\t\t\t\t\t<\/div>\n\t\t\t\t\t<\/div>\n\t\t<\/section>\n\t\t\t\t\t\t<\/div>\n\t\t\t\t\t\t<\/div>\n\t\t\t\t\t<\/div>\n\t\t","protected":false},"excerpt":{"rendered":"<p>Inicio \/ Servicio\/Postventa \/ Seguridad y Capacitaci\u00f3n Usted es el componente principal Seguridad y capacitaci\u00f3n Pese a que la seguridad ocupa una posici\u00f3n primordial en el dise\u00f1o de los montacargas de Crown, el principal responsable sobre la seguridad es el operador. Es por esto que nos esforzamos no solo en construir los montacargas m\u00e1s seguros, &hellip;<\/p>\n<p class=\"read-more\"> <a class=\"\" href=\"https:\/\/ormecorp.com\/automatizacion\/servicio-postventa\/seguridad-y-capacitacion\/\"> <span class=\"screen-reader-text\">Seguridad y Capacitaci\u00f3n<\/span> Read More &raquo;<\/a><\/p>\n","protected":false},"author":1,"featured_media":0,"parent":394,"menu_order":0,"comment_status":"closed","ping_status":"closed","template":"","meta":{"footnotes":""},"class_list":["post-397","page","type-page","status-publish","hentry"],"_links":{"self":[{"href":"https:\/\/ormecorp.com\/automatizacion\/wp-json\/wp\/v2\/pages\/397","targetHints":{"allow":["GET"]}}],"collection":[{"href":"https:\/\/ormecorp.com\/automatizacion\/wp-json\/wp\/v2\/pages"}],"about":[{"href":"https:\/\/ormecorp.com\/automatizacion\/wp-json\/wp\/v2\/types\/page"}],"author":[{"embeddable":true,"href":"https:\/\/ormecorp.com\/automatizacion\/wp-json\/wp\/v2\/users\/1"}],"replies":[{"embeddable":true,"href":"https:\/\/ormecorp.com\/automatizacion\/wp-json\/wp\/v2\/comments?post=397"}],"version-history":[{"count":0,"href":"https:\/\/ormecorp.com\/automatizacion\/wp-json\/wp\/v2\/pages\/397\/revisions"}],"up":[{"embeddable":true,"href":"https:\/\/ormecorp.com\/automatizacion\/wp-json\/wp\/v2\/pages\/394"}],"wp:attachment":[{"href":"https:\/\/ormecorp.com\/automatizacion\/wp-json\/wp\/v2\/media?parent=397"}],"curies":[{"name":"wp","href":"https:\/\/api.w.org\/{rel}","templated":true}]}}